{"id":60,"date":"2020-06-29T21:57:38","date_gmt":"2020-06-29T21:57:38","guid":{"rendered":"https:\/\/www.utahfrenchdli.org\/secondary\/?page_id=60"},"modified":"2022-08-09T14:21:58","modified_gmt":"2022-08-09T14:21:58","slug":"teacher-tools","status":"publish","type":"page","link":"https:\/\/www.utahfrenchdli.org\/secondary\/teacher-tools\/","title":{"rendered":"TEACHER TOOLS"},"content":{"rendered":"<h2 style=\"text-align: center\">Outils vierges langue<\/h2>\n<table>\n<tbody>\n<tr>\n<td><a href=\"https:\/\/drive.google.com\/file\/d\/1C8Id3yYRRz5Dk8Jk7Wf9bySJk-GtbArN\/view?usp=sharing\"><img loading=\"lazy\" decoding=\"async\" class=\"wp-image-420 aligncenter\" src=\"https:\/\/www.utahfrenchdli.org\/secondary\/wp-content\/uploads\/sites\/3\/2021\/08\/Mod\u00e8les-vierges-pour-faire-PNG-270x300.png\" alt=\"\" width=\"132\" height=\"147\" srcset=\"https:\/\/www.utahfrenchdli.org\/secondary\/wp-content\/uploads\/sites\/3\/2021\/08\/Mod\u00e8les-vierges-pour-faire-PNG-270x300.png 270w, https:\/\/www.utahfrenchdli.org\/secondary\/wp-content\/uploads\/sites\/3\/2021\/08\/Mod\u00e8les-vierges-pour-faire-PNG-768x853.png 768w, https:\/\/www.utahfrenchdli.org\/secondary\/wp-content\/uploads\/sites\/3\/2021\/08\/Mod\u00e8les-vierges-pour-faire-PNG.png 864w\" sizes=\"(max-width: 132px) 100vw, 132px\" \/><\/a><\/td>\n<td><a href=\"https:\/\/drive.google.com\/file\/d\/1poIIJ3Im2gd6p8O-IAtMOgr76VjtDtrp\/view?usp=sharing\"><img loading=\"lazy\" decoding=\"async\" class=\"wp-image-421 aligncenter\" src=\"https:\/\/www.utahfrenchdli.org\/secondary\/wp-content\/uploads\/sites\/3\/2021\/08\/Mod\u00e8les-vierges-pour-faire-PNG-1-270x300.png\" alt=\"\" width=\"130\" height=\"144\" srcset=\"https:\/\/www.utahfrenchdli.org\/secondary\/wp-content\/uploads\/sites\/3\/2021\/08\/Mod\u00e8les-vierges-pour-faire-PNG-1-270x300.png 270w, https:\/\/www.utahfrenchdli.org\/secondary\/wp-content\/uploads\/sites\/3\/2021\/08\/Mod\u00e8les-vierges-pour-faire-PNG-1-768x853.png 768w, https:\/\/www.utahfrenchdli.org\/secondary\/wp-content\/uploads\/sites\/3\/2021\/08\/Mod\u00e8les-vierges-pour-faire-PNG-1.png 864w\" sizes=\"(max-width: 130px) 100vw, 130px\" \/><\/a><\/td>\n<td><a href=\"https:\/\/drive.google.com\/file\/d\/14rzyoIMj9AXtqhLyZInpBYlN4yRz8FPo\/view?usp=sharing\"><img loading=\"lazy\" decoding=\"async\" class=\"wp-image-422 aligncenter\" src=\"https:\/\/www.utahfrenchdli.org\/secondary\/wp-content\/uploads\/sites\/3\/2021\/08\/Mod\u00e8les-vierges-pour-faire-PNG-2-270x300.png\" alt=\"\" width=\"131\" height=\"145\" srcset=\"https:\/\/www.utahfrenchdli.org\/secondary\/wp-content\/uploads\/sites\/3\/2021\/08\/Mod\u00e8les-vierges-pour-faire-PNG-2-270x300.png 270w, https:\/\/www.utahfrenchdli.org\/secondary\/wp-content\/uploads\/sites\/3\/2021\/08\/Mod\u00e8les-vierges-pour-faire-PNG-2-768x853.png 768w, https:\/\/www.utahfrenchdli.org\/secondary\/wp-content\/uploads\/sites\/3\/2021\/08\/Mod\u00e8les-vierges-pour-faire-PNG-2.png 864w\" sizes=\"(max-width: 131px) 100vw, 131px\" \/><\/a><\/td>\n<\/tr>\n<tr>\n<td style=\"text-align: center\">Notes Cornell<\/td>\n<td style=\"text-align: center\">Tableau SVA<\/td>\n<td style=\"text-align: center\">Tableau de Frayer<\/td>\n<\/tr>\n<tr>\n<td><a href=\"https:\/\/drive.google.com\/file\/d\/1-KEurZc0GmAO_8ibvBFM5pvbDDZmJ6Qq\/view?usp=sharing\"><img loading=\"lazy\" decoding=\"async\" class=\"wp-image-425 aligncenter\" src=\"https:\/\/www.utahfrenchdli.org\/secondary\/wp-content\/uploads\/sites\/3\/2021\/08\/Mod\u00e8les-vierges-pour-faire-PNG-4-270x300.png\" alt=\"\" width=\"130\" height=\"144\" srcset=\"https:\/\/www.utahfrenchdli.org\/secondary\/wp-content\/uploads\/sites\/3\/2021\/08\/Mod\u00e8les-vierges-pour-faire-PNG-4-270x300.png 270w, https:\/\/www.utahfrenchdli.org\/secondary\/wp-content\/uploads\/sites\/3\/2021\/08\/Mod\u00e8les-vierges-pour-faire-PNG-4-768x853.png 768w, https:\/\/www.utahfrenchdli.org\/secondary\/wp-content\/uploads\/sites\/3\/2021\/08\/Mod\u00e8les-vierges-pour-faire-PNG-4.png 864w\" sizes=\"(max-width: 130px) 100vw, 130px\" \/><\/a><\/td>\n<td><a href=\"https:\/\/drive.google.com\/file\/d\/1kQynC8iOWifnJunJLBTGn7LV-JqDJ4Sz\/view?usp=sharing\"><img loading=\"lazy\" decoding=\"async\" class=\"wp-image-426 aligncenter\" src=\"https:\/\/www.utahfrenchdli.org\/secondary\/wp-content\/uploads\/sites\/3\/2021\/08\/Mod\u00e8les-vierges-pour-faire-PNG-5-270x300.png\" alt=\"\" width=\"132\" height=\"147\" srcset=\"https:\/\/www.utahfrenchdli.org\/secondary\/wp-content\/uploads\/sites\/3\/2021\/08\/Mod\u00e8les-vierges-pour-faire-PNG-5-270x300.png 270w, https:\/\/www.utahfrenchdli.org\/secondary\/wp-content\/uploads\/sites\/3\/2021\/08\/Mod\u00e8les-vierges-pour-faire-PNG-5-768x853.png 768w, https:\/\/www.utahfrenchdli.org\/secondary\/wp-content\/uploads\/sites\/3\/2021\/08\/Mod\u00e8les-vierges-pour-faire-PNG-5.png 864w\" sizes=\"(max-width: 132px) 100vw, 132px\" \/><\/a><\/td>\n<td><a href=\"https:\/\/drive.google.com\/file\/d\/1V7ctJ9HcQdVQoof18sSQTPZ1RUmwTt53\/view?usp=sharing\"><img loading=\"lazy\" decoding=\"async\" class=\"wp-image-427 aligncenter\" src=\"https:\/\/www.utahfrenchdli.org\/secondary\/wp-content\/uploads\/sites\/3\/2021\/08\/Mod\u00e8les-vierges-pour-faire-PNG-6-270x300.png\" alt=\"\" width=\"135\" height=\"150\" srcset=\"https:\/\/www.utahfrenchdli.org\/secondary\/wp-content\/uploads\/sites\/3\/2021\/08\/Mod\u00e8les-vierges-pour-faire-PNG-6-270x300.png 270w, https:\/\/www.utahfrenchdli.org\/secondary\/wp-content\/uploads\/sites\/3\/2021\/08\/Mod\u00e8les-vierges-pour-faire-PNG-6-768x853.png 768w, https:\/\/www.utahfrenchdli.org\/secondary\/wp-content\/uploads\/sites\/3\/2021\/08\/Mod\u00e8les-vierges-pour-faire-PNG-6.png 864w\" sizes=\"(max-width: 135px) 100vw, 135px\" \/><\/a><\/td>\n<\/tr>\n<tr>\n<td style=\"text-align: center\">Genre argumentatif<\/td>\n<td style=\"text-align: center\">Genre narratif<\/td>\n<td style=\"text-align: center\">Genre informatif<\/td>\n<\/tr>\n<tr>\n<td><a href=\"https:\/\/drive.google.com\/file\/d\/1a2v3QhTlNNf_vmGVu266p6UfwclnUgm_\/view?usp=sharing\"><img loading=\"lazy\" decoding=\"async\" class=\"wp-image-429 aligncenter\" src=\"https:\/\/www.utahfrenchdli.org\/secondary\/wp-content\/uploads\/sites\/3\/2021\/08\/Mod\u00e8les-vierges-pour-faire-PNG-8-270x300.png\" alt=\"\" width=\"137\" height=\"152\" srcset=\"https:\/\/www.utahfrenchdli.org\/secondary\/wp-content\/uploads\/sites\/3\/2021\/08\/Mod\u00e8les-vierges-pour-faire-PNG-8-270x300.png 270w, https:\/\/www.utahfrenchdli.org\/secondary\/wp-content\/uploads\/sites\/3\/2021\/08\/Mod\u00e8les-vierges-pour-faire-PNG-8-768x853.png 768w, https:\/\/www.utahfrenchdli.org\/secondary\/wp-content\/uploads\/sites\/3\/2021\/08\/Mod\u00e8les-vierges-pour-faire-PNG-8.png 864w\" sizes=\"(max-width: 137px) 100vw, 137px\" \/><\/a><\/td>\n<td><a href=\"https:\/\/drive.google.com\/file\/d\/151nD94il_a-oeMniqZ-qgtzGUm1QSksq\/view?usp=sharing\"><img loading=\"lazy\" decoding=\"async\" class=\"wp-image-430 aligncenter\" src=\"https:\/\/www.utahfrenchdli.org\/secondary\/wp-content\/uploads\/sites\/3\/2021\/08\/Mod\u00e8les-vierges-pour-faire-PNG-9-270x300.png\" alt=\"\" width=\"140\" height=\"155\" srcset=\"https:\/\/www.utahfrenchdli.org\/secondary\/wp-content\/uploads\/sites\/3\/2021\/08\/Mod\u00e8les-vierges-pour-faire-PNG-9-270x300.png 270w, https:\/\/www.utahfrenchdli.org\/secondary\/wp-content\/uploads\/sites\/3\/2021\/08\/Mod\u00e8les-vierges-pour-faire-PNG-9-768x853.png 768w, https:\/\/www.utahfrenchdli.org\/secondary\/wp-content\/uploads\/sites\/3\/2021\/08\/Mod\u00e8les-vierges-pour-faire-PNG-9.png 864w\" sizes=\"(max-width: 140px) 100vw, 140px\" \/><\/a><\/td>\n<td><a href=\"https:\/\/drive.google.com\/file\/d\/1QSUopky1R2mH94vkdcFbRVg3Xn98VuX4\/view?usp=sharing\"><img loading=\"lazy\" decoding=\"async\" class=\"wp-image-432 aligncenter\" src=\"https:\/\/www.utahfrenchdli.org\/secondary\/wp-content\/uploads\/sites\/3\/2021\/08\/Mod\u00e8les-vierges-pour-faire-PNG-10-270x300.png\" alt=\"\" width=\"135\" height=\"150\" srcset=\"https:\/\/www.utahfrenchdli.org\/secondary\/wp-content\/uploads\/sites\/3\/2021\/08\/Mod\u00e8les-vierges-pour-faire-PNG-10-270x300.png 270w, https:\/\/www.utahfrenchdli.org\/secondary\/wp-content\/uploads\/sites\/3\/2021\/08\/Mod\u00e8les-vierges-pour-faire-PNG-10-768x853.png 768w, https:\/\/www.utahfrenchdli.org\/secondary\/wp-content\/uploads\/sites\/3\/2021\/08\/Mod\u00e8les-vierges-pour-faire-PNG-10.png 864w\" sizes=\"(max-width: 135px) 100vw, 135px\" \/><\/a><\/td>\n<\/tr>\n<tr>\n<td style=\"text-align: center\">Les \u00e9motions<\/td>\n<td style=\"text-align: center\">Avantages\/Inconv\u00e9nients<\/td>\n<td style=\"text-align: center\">Phrases Conversation<\/td>\n<\/tr>\n<\/tbody>\n<\/table>\n<h2><\/h2>\n<h2 style=\"text-align: center\">Outils vierges Culture Histoire &amp; M\u00e9dias<\/h2>\n<table>\n<tbody>\n<tr>\n<td><a href=\"https:\/\/drive.google.com\/file\/d\/1vH5H5VoL0QTy5b1C6rFFmne3aeARbd2t\/view?usp=sharing\"><img loading=\"lazy\" decoding=\"async\" class=\"alignnone wp-image-885 aligncenter\" src=\"https:\/\/www.utahfrenchdli.org\/secondary\/wp-content\/uploads\/sites\/3\/2022\/08\/Untitled-presentation-4-300x169.jpg\" alt=\"\" width=\"165\" height=\"93\" srcset=\"https:\/\/www.utahfrenchdli.org\/secondary\/wp-content\/uploads\/sites\/3\/2022\/08\/Untitled-presentation-4-300x169.jpg 300w, https:\/\/www.utahfrenchdli.org\/secondary\/wp-content\/uploads\/sites\/3\/2022\/08\/Untitled-presentation-4-768x432.jpg 768w, https:\/\/www.utahfrenchdli.org\/secondary\/wp-content\/uploads\/sites\/3\/2022\/08\/Untitled-presentation-4.jpg 960w\" sizes=\"(max-width: 165px) 100vw, 165px\" \/><\/a><\/td>\n<\/tr>\n<tr>\n<td style=\"text-align: center\">Tableau Produit Pratique Perspective (Tableau PPP)<\/p>\n<p>Product Practice Perspective Table (PPP Table)<\/td>\n<\/tr>\n<\/tbody>\n<\/table>\n<h2><\/h2>\n<h2 style=\"text-align: center\">Outils vierges \u00e9valuation<\/h2>\n<table>\n<tbody>\n<tr>\n<td><a href=\"https:\/\/drive.google.com\/file\/d\/13OcF2jhCr-mBpx_O8Wtzb9yoFIwUrzwK\/view?usp=sharing\"><img loading=\"lazy\" decoding=\"async\" class=\"wp-image-443 aligncenter\" src=\"https:\/\/www.utahfrenchdli.org\/secondary\/wp-content\/uploads\/sites\/3\/2021\/08\/Mod\u00e8les-vierges-pour-faire-PNG-16-270x300.png\" alt=\"\" width=\"114\" height=\"127\" srcset=\"https:\/\/www.utahfrenchdli.org\/secondary\/wp-content\/uploads\/sites\/3\/2021\/08\/Mod\u00e8les-vierges-pour-faire-PNG-16-270x300.png 270w, https:\/\/www.utahfrenchdli.org\/secondary\/wp-content\/uploads\/sites\/3\/2021\/08\/Mod\u00e8les-vierges-pour-faire-PNG-16-768x853.png 768w, https:\/\/www.utahfrenchdli.org\/secondary\/wp-content\/uploads\/sites\/3\/2021\/08\/Mod\u00e8les-vierges-pour-faire-PNG-16.png 864w\" sizes=\"(max-width: 114px) 100vw, 114px\" \/><\/a><\/td>\n<td><a href=\"https:\/\/drive.google.com\/file\/d\/1vahl3mFmubUtz86y5XgUY6kv1ctqMvPa\/view?usp=sharing\"><img loading=\"lazy\" decoding=\"async\" class=\"wp-image-444 aligncenter\" src=\"https:\/\/www.utahfrenchdli.org\/secondary\/wp-content\/uploads\/sites\/3\/2021\/08\/Mod\u00e8les-vierges-pour-faire-PNG-17-270x300.png\" alt=\"\" width=\"112\" height=\"125\" srcset=\"https:\/\/www.utahfrenchdli.org\/secondary\/wp-content\/uploads\/sites\/3\/2021\/08\/Mod\u00e8les-vierges-pour-faire-PNG-17-270x300.png 270w, https:\/\/www.utahfrenchdli.org\/secondary\/wp-content\/uploads\/sites\/3\/2021\/08\/Mod\u00e8les-vierges-pour-faire-PNG-17-768x853.png 768w, https:\/\/www.utahfrenchdli.org\/secondary\/wp-content\/uploads\/sites\/3\/2021\/08\/Mod\u00e8les-vierges-pour-faire-PNG-17.png 864w\" sizes=\"(max-width: 112px) 100vw, 112px\" \/><\/a><\/td>\n<td><a href=\"https:\/\/drive.google.com\/file\/d\/1n-iv6DaD8I9GsZtB5RjosS3NxnkJvR5n\/view?usp=sharing\"><img loading=\"lazy\" decoding=\"async\" class=\"alignnone wp-image-453 size-medium\" src=\"https:\/\/www.utahfrenchdli.org\/secondary\/wp-content\/uploads\/sites\/3\/2021\/08\/Semaines-Plan-5-300x229.png\" alt=\"\" width=\"300\" height=\"229\" srcset=\"https:\/\/www.utahfrenchdli.org\/secondary\/wp-content\/uploads\/sites\/3\/2021\/08\/Semaines-Plan-5-300x229.png 300w, https:\/\/www.utahfrenchdli.org\/secondary\/wp-content\/uploads\/sites\/3\/2021\/08\/Semaines-Plan-5-768x585.png 768w, https:\/\/www.utahfrenchdli.org\/secondary\/wp-content\/uploads\/sites\/3\/2021\/08\/Semaines-Plan-5.png 1008w\" sizes=\"(max-width: 300px) 100vw, 300px\" \/><\/a><\/td>\n<\/tr>\n<tr>\n<td style=\"text-align: center\">Grille d&#8217;\u00e9valuation par comp\u00e9tence (standard)<\/td>\n<td style=\"text-align: center\">Grille d&#8217;\u00e9valuation par comp\u00e9tence \u00e0 ins\u00e9rer dans un Google Doc<\/td>\n<td style=\"text-align: center\">Menu d&#8217;activit\u00e9s de r\u00e9vision &#8211; Projet<\/td>\n<\/tr>\n<\/tbody>\n<\/table>\n<h2 style=\"text-align: center\">Relev\u00e9s d&#8217;\u00e9l\u00e8ves vierges (SPRs)<\/h2>\n<table>\n<tbody>\n<tr>\n<td><a href=\"https:\/\/drive.google.com\/file\/d\/1LpHmu8F1lTmvqtnkN0lLJygoqmhmb-es\/view?usp=sharing\"><img loading=\"lazy\" decoding=\"async\" class=\"wp-image-571 aligncenter\" src=\"https:\/\/www.utahfrenchdli.org\/secondary\/wp-content\/uploads\/sites\/3\/2021\/12\/site-1-300x169.png\" alt=\"\" width=\"131\" height=\"74\" srcset=\"https:\/\/www.utahfrenchdli.org\/secondary\/wp-content\/uploads\/sites\/3\/2021\/12\/site-1-300x169.png 300w, https:\/\/www.utahfrenchdli.org\/secondary\/wp-content\/uploads\/sites\/3\/2021\/12\/site-1-768x432.png 768w, https:\/\/www.utahfrenchdli.org\/secondary\/wp-content\/uploads\/sites\/3\/2021\/12\/site-1.png 960w\" sizes=\"(max-width: 131px) 100vw, 131px\" \/><\/a><\/p>\n<p style=\"text-align: center\">Relev\u00e9 7i\u00e8me<\/p>\n<\/td>\n<td><a href=\"https:\/\/drive.google.com\/file\/d\/1F6QJ97XzsfA6sgW1C1SfCNZ7s6w8p4pE\/view?usp=sharing\"><img loading=\"lazy\" decoding=\"async\" class=\"wp-image-572 aligncenter\" src=\"https:\/\/www.utahfrenchdli.org\/secondary\/wp-content\/uploads\/sites\/3\/2021\/12\/site-2-300x169.png\" alt=\"\" width=\"128\" height=\"72\" srcset=\"https:\/\/www.utahfrenchdli.org\/secondary\/wp-content\/uploads\/sites\/3\/2021\/12\/site-2-300x169.png 300w, https:\/\/www.utahfrenchdli.org\/secondary\/wp-content\/uploads\/sites\/3\/2021\/12\/site-2-768x432.png 768w, https:\/\/www.utahfrenchdli.org\/secondary\/wp-content\/uploads\/sites\/3\/2021\/12\/site-2.png 960w\" sizes=\"(max-width: 128px) 100vw, 128px\" \/><\/a><\/p>\n<p style=\"text-align: center\">7th Gr. SPR<\/p>\n<\/td>\n<td><a href=\"https:\/\/drive.google.com\/file\/d\/1QG0GiX_vaCAjwxzgwLpUeLQz0cdir9Fe\/view?usp=sharing\"><img loading=\"lazy\" decoding=\"async\" class=\"wp-image-573 aligncenter\" src=\"https:\/\/www.utahfrenchdli.org\/secondary\/wp-content\/uploads\/sites\/3\/2021\/12\/site-3-300x169.png\" alt=\"\" width=\"128\" height=\"72\" srcset=\"https:\/\/www.utahfrenchdli.org\/secondary\/wp-content\/uploads\/sites\/3\/2021\/12\/site-3-300x169.png 300w, https:\/\/www.utahfrenchdli.org\/secondary\/wp-content\/uploads\/sites\/3\/2021\/12\/site-3-768x432.png 768w, https:\/\/www.utahfrenchdli.org\/secondary\/wp-content\/uploads\/sites\/3\/2021\/12\/site-3.png 960w\" sizes=\"(max-width: 128px) 100vw, 128px\" \/><\/a><\/p>\n<p style=\"text-align: center\">Relev\u00e9 8i\u00e8me<\/p>\n<\/td>\n<\/tr>\n<tr>\n<td><a href=\"https:\/\/drive.google.com\/file\/d\/1cmHYwu1sgStWEMg3wOnHsENKBZ1gycD0\/view?usp=sharing\"><img loading=\"lazy\" decoding=\"async\" class=\"wp-image-574 aligncenter\" src=\"https:\/\/www.utahfrenchdli.org\/secondary\/wp-content\/uploads\/sites\/3\/2021\/12\/site-4-300x169.png\" alt=\"\" width=\"131\" height=\"74\" srcset=\"https:\/\/www.utahfrenchdli.org\/secondary\/wp-content\/uploads\/sites\/3\/2021\/12\/site-4-300x169.png 300w, https:\/\/www.utahfrenchdli.org\/secondary\/wp-content\/uploads\/sites\/3\/2021\/12\/site-4-768x432.png 768w, https:\/\/www.utahfrenchdli.org\/secondary\/wp-content\/uploads\/sites\/3\/2021\/12\/site-4.png 960w\" sizes=\"(max-width: 131px) 100vw, 131px\" \/><\/a><\/p>\n<p style=\"text-align: center\">8th Gr. SPR<\/p>\n<\/td>\n<td style=\"text-align: center\"><a href=\"https:\/\/drive.google.com\/file\/d\/1JM9Kmb8SJhg6jO6l7fhhvHE6nB2iDMnh\/view?usp=sharing\"><img loading=\"lazy\" decoding=\"async\" class=\"wp-image-736 aligncenter\" src=\"https:\/\/www.utahfrenchdli.org\/secondary\/wp-content\/uploads\/sites\/3\/2021\/12\/site-8-300x169.png\" alt=\"\" width=\"131\" height=\"74\" srcset=\"https:\/\/www.utahfrenchdli.org\/secondary\/wp-content\/uploads\/sites\/3\/2021\/12\/site-8-300x169.png 300w, https:\/\/www.utahfrenchdli.org\/secondary\/wp-content\/uploads\/sites\/3\/2021\/12\/site-8-768x432.png 768w, https:\/\/www.utahfrenchdli.org\/secondary\/wp-content\/uploads\/sites\/3\/2021\/12\/site-8.png 960w\" sizes=\"(max-width: 131px) 100vw, 131px\" \/><\/a><\/p>\n<p>Relev\u00e9 6i\u00e8me<\/td>\n<td><a href=\"https:\/\/drive.google.com\/file\/d\/1WFvSY9DUDVwF1bSZG2VnzpduVxr3sODq\/view?usp=sharing\"><img loading=\"lazy\" decoding=\"async\" class=\" wp-image-737 aligncenter\" src=\"https:\/\/www.utahfrenchdli.org\/secondary\/wp-content\/uploads\/sites\/3\/2021\/12\/site-9-300x169.png\" alt=\"\" width=\"131\" height=\"74\" srcset=\"https:\/\/www.utahfrenchdli.org\/secondary\/wp-content\/uploads\/sites\/3\/2021\/12\/site-9-300x169.png 300w, https:\/\/www.utahfrenchdli.org\/secondary\/wp-content\/uploads\/sites\/3\/2021\/12\/site-9-768x432.png 768w, https:\/\/www.utahfrenchdli.org\/secondary\/wp-content\/uploads\/sites\/3\/2021\/12\/site-9.png 960w\" sizes=\"(max-width: 131px) 100vw, 131px\" \/><\/a><\/p>\n<p style=\"text-align: center\">6th Gr. SPR<\/p>\n<\/td>\n<\/tr>\n<tr>\n<td><\/td>\n<td><\/td>\n<td><\/td>\n<\/tr>\n<\/tbody>\n<\/table>\n<h2 style=\"text-align: center\">Affichage Conjugaison<\/h2>\n<table>\n<tbody>\n<tr>\n<td>\n<p style=\"text-align: left\"><a href=\"https:\/\/drive.google.com\/file\/d\/1pMlZCKXt_aNG5NSl_t9zq8aFSBO3F3yR\/view?usp=sharing\"><img loading=\"lazy\" decoding=\"async\" class=\"wp-image-490 aligncenter\" src=\"https:\/\/www.utahfrenchdli.org\/secondary\/wp-content\/uploads\/sites\/3\/2021\/11\/boutons-affiches-240x300.jpg\" alt=\"\" width=\"133\" height=\"166\" srcset=\"https:\/\/www.utahfrenchdli.org\/secondary\/wp-content\/uploads\/sites\/3\/2021\/11\/boutons-affiches-240x300.jpg 240w, https:\/\/www.utahfrenchdli.org\/secondary\/wp-content\/uploads\/sites\/3\/2021\/11\/boutons-affiches.jpg 432w\" sizes=\"(max-width: 133px) 100vw, 133px\" \/><\/a><\/p>\n<p style=\"text-align: center\">Pr\u00e9sent de l&#8217;indicatif<\/p>\n<\/td>\n<td><a href=\"https:\/\/drive.google.com\/file\/d\/1WaIi7wY1IlUoWwAwbXWh8wDxBN0N1YxJ\/view?usp=sharing\"><img loading=\"lazy\" decoding=\"async\" class=\"wp-image-491 aligncenter\" src=\"https:\/\/www.utahfrenchdli.org\/secondary\/wp-content\/uploads\/sites\/3\/2021\/11\/boutons-affiches-1-240x300.jpg\" alt=\"\" width=\"135\" height=\"169\" srcset=\"https:\/\/www.utahfrenchdli.org\/secondary\/wp-content\/uploads\/sites\/3\/2021\/11\/boutons-affiches-1-240x300.jpg 240w, https:\/\/www.utahfrenchdli.org\/secondary\/wp-content\/uploads\/sites\/3\/2021\/11\/boutons-affiches-1.jpg 432w\" sizes=\"(max-width: 135px) 100vw, 135px\" \/><\/a><\/p>\n<p style=\"text-align: center\">Imparfait<\/p>\n<\/td>\n<td><a href=\"https:\/\/drive.google.com\/file\/d\/1BV8ZLjv2qj25kDcUftc3wX2KNHjQj4Sl\/view?usp=sharing\"><img loading=\"lazy\" decoding=\"async\" class=\"wp-image-492 aligncenter\" src=\"https:\/\/www.utahfrenchdli.org\/secondary\/wp-content\/uploads\/sites\/3\/2021\/11\/boutons-affiches-3-240x300.jpg\" alt=\"\" width=\"123\" height=\"154\" srcset=\"https:\/\/www.utahfrenchdli.org\/secondary\/wp-content\/uploads\/sites\/3\/2021\/11\/boutons-affiches-3-240x300.jpg 240w, https:\/\/www.utahfrenchdli.org\/secondary\/wp-content\/uploads\/sites\/3\/2021\/11\/boutons-affiches-3.jpg 432w\" sizes=\"(max-width: 123px) 100vw, 123px\" \/><\/a><\/p>\n<p style=\"text-align: center\">P. compos\u00e9<\/p>\n<\/td>\n<\/tr>\n<tr>\n<td style=\"text-align: center\"><a href=\"https:\/\/drive.google.com\/file\/d\/1Ng14LfplW9L8V_DLaw8csytbQt8rnOgo\/view?usp=sharing\"><img loading=\"lazy\" decoding=\"async\" class=\"wp-image-493 aligncenter\" src=\"https:\/\/www.utahfrenchdli.org\/secondary\/wp-content\/uploads\/sites\/3\/2021\/11\/boutons-affiches-4-240x300.jpg\" alt=\"\" width=\"156\" height=\"195\" srcset=\"https:\/\/www.utahfrenchdli.org\/secondary\/wp-content\/uploads\/sites\/3\/2021\/11\/boutons-affiches-4-240x300.jpg 240w, https:\/\/www.utahfrenchdli.org\/secondary\/wp-content\/uploads\/sites\/3\/2021\/11\/boutons-affiches-4.jpg 432w\" sizes=\"(max-width: 156px) 100vw, 156px\" \/><\/a>P.Compos\u00e9 vs. Imparfait<\/td>\n<td style=\"text-align: center\"><a href=\"https:\/\/drive.google.com\/file\/d\/10Q9-dqZjqhAlQ5Akgk6FAJP1U-1X_j0D\/view?usp=sharing\"><img loading=\"lazy\" decoding=\"async\" class=\"wp-image-494 aligncenter\" src=\"https:\/\/www.utahfrenchdli.org\/secondary\/wp-content\/uploads\/sites\/3\/2021\/11\/boutons-affiches-5-240x300.jpg\" alt=\"\" width=\"154\" height=\"193\" srcset=\"https:\/\/www.utahfrenchdli.org\/secondary\/wp-content\/uploads\/sites\/3\/2021\/11\/boutons-affiches-5-240x300.jpg 240w, https:\/\/www.utahfrenchdli.org\/secondary\/wp-content\/uploads\/sites\/3\/2021\/11\/boutons-affiches-5.jpg 432w\" sizes=\"(max-width: 154px) 100vw, 154px\" \/><\/a>Futur de l&#8217;indicatif<\/td>\n<td style=\"text-align: center\"><a href=\"https:\/\/drive.google.com\/file\/d\/1NJ_DhOMA1mSnInaZVG5HmotrGGUFFuRb\/view?usp=sharing\"><img loading=\"lazy\" decoding=\"async\" class=\"wp-image-495 aligncenter\" src=\"https:\/\/www.utahfrenchdli.org\/secondary\/wp-content\/uploads\/sites\/3\/2021\/11\/boutons-affiches-6-240x300.jpg\" alt=\"\" width=\"152\" height=\"190\" srcset=\"https:\/\/www.utahfrenchdli.org\/secondary\/wp-content\/uploads\/sites\/3\/2021\/11\/boutons-affiches-6-240x300.jpg 240w, https:\/\/www.utahfrenchdli.org\/secondary\/wp-content\/uploads\/sites\/3\/2021\/11\/boutons-affiches-6.jpg 432w\" sizes=\"(max-width: 152px) 100vw, 152px\" \/><\/a>Conditionnel<\/td>\n<\/tr>\n<tr>\n<td style=\"text-align: center\"><a href=\"https:\/\/drive.google.com\/file\/d\/1zf1AdtD2v0y5vqXStYTF85ckxHQd4eJe\/view?usp=sharing\"><img loading=\"lazy\" decoding=\"async\" class=\"wp-image-496 aligncenter\" src=\"https:\/\/www.utahfrenchdli.org\/secondary\/wp-content\/uploads\/sites\/3\/2021\/11\/boutons-affiches-7-240x300.jpg\" alt=\"\" width=\"166\" height=\"207\" srcset=\"https:\/\/www.utahfrenchdli.org\/secondary\/wp-content\/uploads\/sites\/3\/2021\/11\/boutons-affiches-7-240x300.jpg 240w, https:\/\/www.utahfrenchdli.org\/secondary\/wp-content\/uploads\/sites\/3\/2021\/11\/boutons-affiches-7.jpg 432w\" sizes=\"(max-width: 166px) 100vw, 166px\" \/><\/a>Conditionnel pr\u00e9sent : exemples<\/td>\n<td style=\"text-align: center\"><a href=\"https:\/\/drive.google.com\/file\/d\/1lLIpNFt2xPmRlqXLc-cZkJJgwSdCLC88\/view?usp=sharing\"><img loading=\"lazy\" decoding=\"async\" class=\"wp-image-497 aligncenter\" src=\"https:\/\/www.utahfrenchdli.org\/secondary\/wp-content\/uploads\/sites\/3\/2021\/11\/boutons-affiches-8-240x300.jpg\" alt=\"\" width=\"172\" height=\"215\" srcset=\"https:\/\/www.utahfrenchdli.org\/secondary\/wp-content\/uploads\/sites\/3\/2021\/11\/boutons-affiches-8-240x300.jpg 240w, https:\/\/www.utahfrenchdli.org\/secondary\/wp-content\/uploads\/sites\/3\/2021\/11\/boutons-affiches-8.jpg 432w\" sizes=\"(max-width: 172px) 100vw, 172px\" \/><\/a>Subjonctif pr\u00e9sent : une incertitude<\/td>\n<td style=\"text-align: center\"><a href=\"https:\/\/drive.google.com\/file\/d\/16xepy4o7LNmOcH9apezi8W1JnQubclwJ\/view?usp=sharing\"><img loading=\"lazy\" decoding=\"async\" class=\"alignnone wp-image-510\" src=\"https:\/\/www.utahfrenchdli.org\/secondary\/wp-content\/uploads\/sites\/3\/2021\/11\/boutons-affiches-11-240x300.jpg\" alt=\"\" width=\"151\" height=\"189\" srcset=\"https:\/\/www.utahfrenchdli.org\/secondary\/wp-content\/uploads\/sites\/3\/2021\/11\/boutons-affiches-11-240x300.jpg 240w, https:\/\/www.utahfrenchdli.org\/secondary\/wp-content\/uploads\/sites\/3\/2021\/11\/boutons-affiches-11.jpg 432w\" sizes=\"(max-width: 151px) 100vw, 151px\" \/><\/a>Ph. lacunaires<\/td>\n<\/tr>\n<\/tbody>\n<\/table>\n<h2 style=\"text-align: center\">Affichage erreurs typiques<\/h2>\n<p><a href=\"https:\/\/docs.google.com\/document\/d\/1D-IQzu4WyDE93svxDh56hk4Kpdv1jMOS\/edit?usp=sharing&amp;ouid=102281526568648954128&amp;rtpof=true&amp;sd=true\"><img loading=\"lazy\" decoding=\"async\" class=\"wp-image-897 aligncenter\" src=\"https:\/\/www.utahfrenchdli.org\/secondary\/wp-content\/uploads\/sites\/3\/2022\/08\/erreurs-typiques-300x169.png\" alt=\"\" width=\"199\" height=\"112\" srcset=\"https:\/\/www.utahfrenchdli.org\/secondary\/wp-content\/uploads\/sites\/3\/2022\/08\/erreurs-typiques-300x169.png 300w, https:\/\/www.utahfrenchdli.org\/secondary\/wp-content\/uploads\/sites\/3\/2022\/08\/erreurs-typiques-768x432.png 768w, https:\/\/www.utahfrenchdli.org\/secondary\/wp-content\/uploads\/sites\/3\/2022\/08\/erreurs-typiques.png 960w\" sizes=\"(max-width: 199px) 100vw, 199px\" \/><\/a><\/p>\n","protected":false},"excerpt":{"rendered":"<p>Outils vierges langue Notes Cornell Tableau SVA Tableau de Frayer Genre argumentatif Genre narratif Genre informatif Les \u00e9motions Avantages\/Inconv\u00e9nients Phrases Conversation Outils vierges Culture Histoire &amp; M\u00e9dias Tableau Produit Pratique Perspective (Tableau PPP) Product Practice Perspective Table (PPP Table) Outils &hellip; <a href=\"https:\/\/www.utahfrenchdli.org\/secondary\/teacher-tools\/\">Continue reading <span class=\"meta-nav\">&rarr;<\/span><\/a><\/p>\n","protected":false},"author":1,"featured_media":0,"parent":0,"menu_order":0,"comment_status":"closed","ping_status":"closed","template":"","meta":{"footnotes":""},"_links":{"self":[{"href":"https:\/\/www.utahfrenchdli.org\/secondary\/wp-json\/wp\/v2\/pages\/60"}],"collection":[{"href":"https:\/\/www.utahfrenchdli.org\/secondary\/wp-json\/wp\/v2\/pages"}],"about":[{"href":"https:\/\/www.utahfrenchdli.org\/secondary\/wp-json\/wp\/v2\/types\/page"}],"author":[{"embeddable":true,"href":"https:\/\/www.utahfrenchdli.org\/secondary\/wp-json\/wp\/v2\/users\/1"}],"replies":[{"embeddable":true,"href":"https:\/\/www.utahfrenchdli.org\/secondary\/wp-json\/wp\/v2\/comments?post=60"}],"version-history":[{"count":32,"href":"https:\/\/www.utahfrenchdli.org\/secondary\/wp-json\/wp\/v2\/pages\/60\/revisions"}],"predecessor-version":[{"id":898,"href":"https:\/\/www.utahfrenchdli.org\/secondary\/wp-json\/wp\/v2\/pages\/60\/revisions\/898"}],"wp:attachment":[{"href":"https:\/\/www.utahfrenchdli.org\/secondary\/wp-json\/wp\/v2\/media?parent=60"}],"curies":[{"name":"wp","href":"https:\/\/api.w.org\/{rel}","templated":true}]}}