{"id":711,"date":"2021-12-14T18:06:48","date_gmt":"2021-12-14T18:06:48","guid":{"rendered":"https:\/\/www.utahfrenchdli.org\/secondary\/?page_id=711"},"modified":"2021-12-14T18:09:13","modified_gmt":"2021-12-14T18:09:13","slug":"assessment-week","status":"publish","type":"page","link":"https:\/\/www.utahfrenchdli.org\/secondary\/assessment-week\/","title":{"rendered":"Assessment Week"},"content":{"rendered":"<p>Semaine d&#8217;\u00e9valuation &#8211; Assessment Week<\/p>\n<table>\n<tbody>\n<tr>\n<td><a href=\"https:\/\/drive.google.com\/file\/d\/1qGxIUiHXtb7IW-V2PxnKDYx5P-fFv4Nv\/view?usp=sharing\"><img loading=\"lazy\" decoding=\"async\" class=\"alignnone  wp-image-712 aligncenter\" src=\"https:\/\/www.utahfrenchdli.org\/secondary\/wp-content\/uploads\/sites\/3\/2021\/12\/site-6-300x169.png\" alt=\"\" width=\"302\" height=\"170\" srcset=\"https:\/\/www.utahfrenchdli.org\/secondary\/wp-content\/uploads\/sites\/3\/2021\/12\/site-6-300x169.png 300w, https:\/\/www.utahfrenchdli.org\/secondary\/wp-content\/uploads\/sites\/3\/2021\/12\/site-6-768x432.png 768w, https:\/\/www.utahfrenchdli.org\/secondary\/wp-content\/uploads\/sites\/3\/2021\/12\/site-6.png 960w\" sizes=\"(max-width: 302px) 100vw, 302px\" \/><\/a><\/td>\n<\/tr>\n<tr>\n<td>1 unit\u00e9 d&#8217;apprentissage : 4 semaines d&#8217;instruction + <strong>1 semaine d&#8217;\u00e9valuation<\/strong><\/p>\n<p>1 Unit: 4 Instructional Weeks + <strong>1 Assessment Week<\/strong><\/td>\n<\/tr>\n<\/tbody>\n<\/table>\n<p><!-- DivTable.com --><\/p>\n","protected":false},"excerpt":{"rendered":"<p>Semaine d&#8217;\u00e9valuation &#8211; Assessment Week 1 unit\u00e9 d&#8217;apprentissage : 4 semaines d&#8217;instruction + 1 semaine d&#8217;\u00e9valuation 1 Unit: 4 Instructional Weeks + 1 Assessment Week<\/p>\n","protected":false},"author":5,"featured_media":0,"parent":0,"menu_order":0,"comment_status":"closed","ping_status":"closed","template":"","meta":{"footnotes":""},"_links":{"self":[{"href":"https:\/\/www.utahfrenchdli.org\/secondary\/wp-json\/wp\/v2\/pages\/711"}],"collection":[{"href":"https:\/\/www.utahfrenchdli.org\/secondary\/wp-json\/wp\/v2\/pages"}],"about":[{"href":"https:\/\/www.utahfrenchdli.org\/secondary\/wp-json\/wp\/v2\/types\/page"}],"author":[{"embeddable":true,"href":"https:\/\/www.utahfrenchdli.org\/secondary\/wp-json\/wp\/v2\/users\/5"}],"replies":[{"embeddable":true,"href":"https:\/\/www.utahfrenchdli.org\/secondary\/wp-json\/wp\/v2\/comments?post=711"}],"version-history":[{"count":4,"href":"https:\/\/www.utahfrenchdli.org\/secondary\/wp-json\/wp\/v2\/pages\/711\/revisions"}],"predecessor-version":[{"id":716,"href":"https:\/\/www.utahfrenchdli.org\/secondary\/wp-json\/wp\/v2\/pages\/711\/revisions\/716"}],"wp:attachment":[{"href":"https:\/\/www.utahfrenchdli.org\/secondary\/wp-json\/wp\/v2\/media?parent=711"}],"curies":[{"name":"wp","href":"https:\/\/api.w.org\/{rel}","templated":true}]}}