{"id":3217,"date":"2022-07-26T22:56:07","date_gmt":"2022-07-26T22:56:07","guid":{"rendered":"https:\/\/www.utahfrenchdli.org\/teachers\/?page_id=3217"},"modified":"2022-09-13T02:22:16","modified_gmt":"2022-09-13T02:22:16","slug":"grade-5-literacy-programmation-2022","status":"publish","type":"page","link":"https:\/\/www.utahfrenchdli.org\/teachers\/grade-5-literacy-programmation-2022\/","title":{"rendered":"Grade 5 &#8211; literacy &#8211; programmation-2022"},"content":{"rendered":"<h2 style=\"text-align: center\">Programmation<\/h2>\n<p><a href=\"https:\/\/drive.google.com\/file\/d\/1jbqjnQRuB5nrBde6m477UmZUGqelJlHp\/view?usp=sharing\" target=\"_blank\" rel=\"noopener\"><img loading=\"lazy\" decoding=\"async\" class=\"alignnone wp-image-3308\" src=\"https:\/\/www.utahfrenchdli.org\/teachers\/wp-content\/uploads\/sites\/2\/2022\/09\/Screen-Shot-2022-09-12-at-8.13.07-PM.png\" alt=\"\" width=\"399\" height=\"307\" srcset=\"https:\/\/www.utahfrenchdli.org\/teachers\/wp-content\/uploads\/sites\/2\/2022\/09\/Screen-Shot-2022-09-12-at-8.13.07-PM.png 1338w, https:\/\/www.utahfrenchdli.org\/teachers\/wp-content\/uploads\/sites\/2\/2022\/09\/Screen-Shot-2022-09-12-at-8.13.07-PM-300x230.png 300w, https:\/\/www.utahfrenchdli.org\/teachers\/wp-content\/uploads\/sites\/2\/2022\/09\/Screen-Shot-2022-09-12-at-8.13.07-PM-768x590.png 768w, https:\/\/www.utahfrenchdli.org\/teachers\/wp-content\/uploads\/sites\/2\/2022\/09\/Screen-Shot-2022-09-12-at-8.13.07-PM-1024x787.png 1024w\" sizes=\"(max-width: 399px) 100vw, 399px\" \/><\/a><\/p>\n<p><a href=\"https:\/\/drive.google.com\/file\/d\/1jbqjnQRuB5nrBde6m477UmZUGqelJlHp\/view?usp=sharing\" target=\"_blank\" rel=\"noopener\">Programmation annuelle<\/a><\/p>\n<p>&nbsp;<\/p>\n<table>\n<tbody>\n<tr>\n<td style=\"text-align: center\"><a href=\"https:\/\/www.utahfrenchdli.org\/teachers\/5-literacy-programmation-unite1\/\" rel=\"noopener\"><img loading=\"lazy\" decoding=\"async\" class=\"aligncenter wp-image-2852\" src=\"https:\/\/www.utahfrenchdli.org\/teachers\/wp-content\/uploads\/sites\/2\/2020\/07\/Unite-1-300x300.png\" alt=\"\" width=\"100\" height=\"100\" srcset=\"https:\/\/www.utahfrenchdli.org\/teachers\/wp-content\/uploads\/sites\/2\/2020\/07\/Unite-1-300x300.png 300w, https:\/\/www.utahfrenchdli.org\/teachers\/wp-content\/uploads\/sites\/2\/2020\/07\/Unite-1-150x150.png 150w, https:\/\/www.utahfrenchdli.org\/teachers\/wp-content\/uploads\/sites\/2\/2020\/07\/Unite-1-768x769.png 768w, https:\/\/www.utahfrenchdli.org\/teachers\/wp-content\/uploads\/sites\/2\/2020\/07\/Unite-1-1024x1024.png 1024w, https:\/\/www.utahfrenchdli.org\/teachers\/wp-content\/uploads\/sites\/2\/2020\/07\/Unite-1.png 1326w\" sizes=\"(max-width: 100px) 100vw, 100px\" \/><\/a><a href=\"https:\/\/www.utahfrenchdli.org\/teachers\/5-literacy-programmation-unite1\/\" rel=\"noopener\">Unit\u00e9 1 &#8211; Victor l&#8217;enfant sauvage<\/a><\/p>\n<p>&nbsp;<\/td>\n<td style=\"text-align: center\"><a href=\"https:\/\/drive.google.com\/file\/d\/1htId67eOCBj9OeqP1jTxsiO2XBDUK-4z\/view?usp=sharing\" target=\"_blank\" rel=\"noopener\"><img loading=\"lazy\" decoding=\"async\" class=\"aligncenter wp-image-2854\" src=\"https:\/\/www.utahfrenchdli.org\/teachers\/wp-content\/uploads\/sites\/2\/2020\/07\/U2-300x300.png\" alt=\"\" width=\"100\" height=\"100\" srcset=\"https:\/\/www.utahfrenchdli.org\/teachers\/wp-content\/uploads\/sites\/2\/2020\/07\/U2-300x300.png 300w, https:\/\/www.utahfrenchdli.org\/teachers\/wp-content\/uploads\/sites\/2\/2020\/07\/U2-150x150.png 150w, https:\/\/www.utahfrenchdli.org\/teachers\/wp-content\/uploads\/sites\/2\/2020\/07\/U2-768x769.png 768w, https:\/\/www.utahfrenchdli.org\/teachers\/wp-content\/uploads\/sites\/2\/2020\/07\/U2-1024x1024.png 1024w, https:\/\/www.utahfrenchdli.org\/teachers\/wp-content\/uploads\/sites\/2\/2020\/07\/U2.png 1326w\" sizes=\"(max-width: 100px) 100vw, 100px\" \/><\/a><a href=\"https:\/\/drive.google.com\/file\/d\/1htId67eOCBj9OeqP1jTxsiO2XBDUK-4z\/view?usp=sharing\" target=\"_blank\" rel=\"noopener\">Unit\u00e9 2 &#8211; L&#8217;homme qui plantait des arbres<\/a><\/p>\n<p>&nbsp;<\/td>\n<\/tr>\n<tr>\n<td style=\"text-align: center\"><a href=\"https:\/\/docs.google.com\/document\/d\/16y7sDOcBIPH2tPeUjwpnlCM5dm9G_os6\/edit?usp=sharing&amp;ouid=103013741973825721931&amp;rtpof=true&amp;sd=true\" target=\"_blank\" rel=\"noopener\"><img loading=\"lazy\" decoding=\"async\" class=\"aligncenter wp-image-2855\" src=\"https:\/\/www.utahfrenchdli.org\/teachers\/wp-content\/uploads\/sites\/2\/2020\/07\/U3.png\" alt=\"\" width=\"100\" height=\"100\" srcset=\"https:\/\/www.utahfrenchdli.org\/teachers\/wp-content\/uploads\/sites\/2\/2020\/07\/U3.png 1326w, https:\/\/www.utahfrenchdli.org\/teachers\/wp-content\/uploads\/sites\/2\/2020\/07\/U3-150x150.png 150w, https:\/\/www.utahfrenchdli.org\/teachers\/wp-content\/uploads\/sites\/2\/2020\/07\/U3-300x300.png 300w, https:\/\/www.utahfrenchdli.org\/teachers\/wp-content\/uploads\/sites\/2\/2020\/07\/U3-768x769.png 768w, https:\/\/www.utahfrenchdli.org\/teachers\/wp-content\/uploads\/sites\/2\/2020\/07\/U3-1024x1024.png 1024w\" sizes=\"(max-width: 100px) 100vw, 100px\" \/><\/a><a href=\"https:\/\/docs.google.com\/document\/d\/16y7sDOcBIPH2tPeUjwpnlCM5dm9G_os6\/edit?usp=sharing&amp;ouid=103013741973825721931&amp;rtpof=true&amp;sd=true\" target=\"_blank\" rel=\"noopener\">Unit\u00e9 3 &#8211; Le tueur \u00e0 ma porte<\/a><\/td>\n<td style=\"text-align: center\"><a href=\"https:\/\/drive.google.com\/file\/d\/1MpKByLiWafv43WeKj7obGv_0Mueg_Rne\/view?usp=sharing\" target=\"_blank\" rel=\"noopener\"><img loading=\"lazy\" decoding=\"async\" class=\"aligncenter wp-image-2856\" src=\"https:\/\/www.utahfrenchdli.org\/teachers\/wp-content\/uploads\/sites\/2\/2020\/07\/U4.png\" alt=\"\" width=\"100\" height=\"100\" srcset=\"https:\/\/www.utahfrenchdli.org\/teachers\/wp-content\/uploads\/sites\/2\/2020\/07\/U4.png 1326w, https:\/\/www.utahfrenchdli.org\/teachers\/wp-content\/uploads\/sites\/2\/2020\/07\/U4-150x150.png 150w, https:\/\/www.utahfrenchdli.org\/teachers\/wp-content\/uploads\/sites\/2\/2020\/07\/U4-300x300.png 300w, https:\/\/www.utahfrenchdli.org\/teachers\/wp-content\/uploads\/sites\/2\/2020\/07\/U4-768x769.png 768w, https:\/\/www.utahfrenchdli.org\/teachers\/wp-content\/uploads\/sites\/2\/2020\/07\/U4-1024x1024.png 1024w\" sizes=\"(max-width: 100px) 100vw, 100px\" \/><\/a><a href=\"https:\/\/drive.google.com\/file\/d\/1MpKByLiWafv43WeKj7obGv_0Mueg_Rne\/view?usp=sharing\" target=\"_blank\" rel=\"noopener\">Unit\u00e9 4 &#8211; Le petit prince<\/a><\/td>\n<\/tr>\n<\/tbody>\n<\/table>\n<p>&nbsp;<\/p>\n<p><a href=\"https:\/\/www.utahfrenchdli.org\/teachers\/grade-5-literacy\/\"><img loading=\"lazy\" decoding=\"async\" class=\"alignright wp-image-2584\" src=\"https:\/\/www.utahfrenchdli.org\/teachers\/wp-content\/uploads\/sites\/2\/2020\/06\/arrow.png\" alt=\"\" width=\"76\" height=\"60\" \/><\/a><\/p>\n<p>&nbsp;<\/p>\n<p>&nbsp;<\/p>\n<p>&nbsp;<\/p>\n<p style=\"text-align: right\"><a href=\"https:\/\/www.utahfrenchdli.org\/teachers\/grade-5-literacy\/\">Back to<strong>\u00a05th Grade literacy<\/strong><\/a><\/p>\n","protected":false},"excerpt":{"rendered":"<p>Programmation Programmation annuelle &nbsp; Unit\u00e9 1 &#8211; Victor l&#8217;enfant sauvage &nbsp; Unit\u00e9 2 &#8211; L&#8217;homme qui plantait des arbres &nbsp; Unit\u00e9 3 &#8211; Le tueur \u00e0 ma porte Unit\u00e9 4 &#8211; Le petit prince &nbsp; &nbsp; &nbsp; &nbsp; Back to\u00a05th &hellip; <a href=\"https:\/\/www.utahfrenchdli.org\/teachers\/grade-5-literacy-programmation-2022\/\">Continue reading <span class=\"meta-nav\">&rarr;<\/span><\/a><\/p>\n","protected":false},"author":3,"featured_media":0,"parent":0,"menu_order":0,"comment_status":"closed","ping_status":"closed","template":"","meta":{"footnotes":""},"_links":{"self":[{"href":"https:\/\/www.utahfrenchdli.org\/teachers\/wp-json\/wp\/v2\/pages\/3217"}],"collection":[{"href":"https:\/\/www.utahfrenchdli.org\/teachers\/wp-json\/wp\/v2\/pages"}],"about":[{"href":"https:\/\/www.utahfrenchdli.org\/teachers\/wp-json\/wp\/v2\/types\/page"}],"author":[{"embeddable":true,"href":"https:\/\/www.utahfrenchdli.org\/teachers\/wp-json\/wp\/v2\/users\/3"}],"replies":[{"embeddable":true,"href":"https:\/\/www.utahfrenchdli.org\/teachers\/wp-json\/wp\/v2\/comments?post=3217"}],"version-history":[{"count":7,"href":"https:\/\/www.utahfrenchdli.org\/teachers\/wp-json\/wp\/v2\/pages\/3217\/revisions"}],"predecessor-version":[{"id":3310,"href":"https:\/\/www.utahfrenchdli.org\/teachers\/wp-json\/wp\/v2\/pages\/3217\/revisions\/3310"}],"wp:attachment":[{"href":"https:\/\/www.utahfrenchdli.org\/teachers\/wp-json\/wp\/v2\/media?parent=3217"}],"curies":[{"name":"wp","href":"https:\/\/api.w.org\/{rel}","templated":true}]}}