{"id":3342,"date":"2023-07-05T22:55:21","date_gmt":"2023-07-05T22:55:21","guid":{"rendered":"https:\/\/www.utahfrenchdli.org\/teachers\/?page_id=3342"},"modified":"2023-07-05T22:55:21","modified_gmt":"2023-07-05T22:55:21","slug":"literacy-protocols-4th","status":"publish","type":"page","link":"https:\/\/www.utahfrenchdli.org\/teachers\/literacy-protocols-4th\/","title":{"rendered":"Literacy Protocols 4th"},"content":{"rendered":"<h2 style=\"text-align: center\">Literacy Protocols<\/h2>\n<p>&nbsp;<\/p>\n<table>\n<tbody>\n<tr>\n<td style=\"text-align: center\"><a href=\"https:\/\/docs.google.com\/document\/d\/1x_S__HEttV-AvKCgRZRQ-xSYjvH-caKGgay-zepOSLY\/edit?usp=sharing\" target=\"_blank\" rel=\"noopener\"><img loading=\"lazy\" decoding=\"async\" class=\"aligncenter wp-image-3319\" src=\"https:\/\/www.utahfrenchdli.org\/teachers\/wp-content\/uploads\/sites\/2\/2023\/07\/noun-protocol-3085598.png\" alt=\"\" width=\"105\" height=\"144\" srcset=\"https:\/\/www.utahfrenchdli.org\/teachers\/wp-content\/uploads\/sites\/2\/2023\/07\/noun-protocol-3085598.png 536w, https:\/\/www.utahfrenchdli.org\/teachers\/wp-content\/uploads\/sites\/2\/2023\/07\/noun-protocol-3085598-220x300.png 220w\" sizes=\"(max-width: 105px) 100vw, 105px\" \/><\/a><a href=\"https:\/\/docs.google.com\/document\/d\/1x_S__HEttV-AvKCgRZRQ-xSYjvH-caKGgay-zepOSLY\/edit?usp=sharing\" target=\"_blank\" rel=\"noopener\">Protocols 3rd-6th Grade<\/a><\/td>\n<td style=\"text-align: center\"><a href=\"https:\/\/docs.google.com\/document\/d\/1Az1eXTq3sS2W63rdS1crggZtynHTH1HWdmyO_-hKY-s\/edit?usp=sharing\" target=\"_blank\" rel=\"noopener\"><img loading=\"lazy\" decoding=\"async\" class=\"aligncenter wp-image-3326\" src=\"https:\/\/www.utahfrenchdli.org\/teachers\/wp-content\/uploads\/sites\/2\/2023\/07\/noun-knowledge-2713098-1.png\" alt=\"\" width=\"155\" height=\"155\" srcset=\"https:\/\/www.utahfrenchdli.org\/teachers\/wp-content\/uploads\/sites\/2\/2023\/07\/noun-knowledge-2713098-1.png 743w, https:\/\/www.utahfrenchdli.org\/teachers\/wp-content\/uploads\/sites\/2\/2023\/07\/noun-knowledge-2713098-1-150x150.png 150w, https:\/\/www.utahfrenchdli.org\/teachers\/wp-content\/uploads\/sites\/2\/2023\/07\/noun-knowledge-2713098-1-300x298.png 300w\" sizes=\"(max-width: 155px) 100vw, 155px\" \/><\/a><a href=\"https:\/\/docs.google.com\/document\/d\/1Az1eXTq3sS2W63rdS1crggZtynHTH1HWdmyO_-hKY-s\/edit?usp=sharing\" target=\"_blank\" rel=\"noopener\">1. Pr\u00e9-lecture<\/a><\/td>\n<td style=\"text-align: center\"><a href=\"https:\/\/docs.google.com\/document\/d\/19UmeNnb4uroHGCJUw1zXvhCFRLVeWDzAVqAGAfjxFk4\/edit?usp=sharing\" target=\"_blank\" rel=\"noopener\"><img loading=\"lazy\" decoding=\"async\" class=\"aligncenter wp-image-3327\" src=\"https:\/\/www.utahfrenchdli.org\/teachers\/wp-content\/uploads\/sites\/2\/2023\/07\/noun-understand-5495768.png\" alt=\"\" width=\"127\" height=\"147\" srcset=\"https:\/\/www.utahfrenchdli.org\/teachers\/wp-content\/uploads\/sites\/2\/2023\/07\/noun-understand-5495768.png 572w, https:\/\/www.utahfrenchdli.org\/teachers\/wp-content\/uploads\/sites\/2\/2023\/07\/noun-understand-5495768-258x300.png 258w\" sizes=\"(max-width: 127px) 100vw, 127px\" \/><\/a><a href=\"https:\/\/docs.google.com\/document\/d\/19UmeNnb4uroHGCJUw1zXvhCFRLVeWDzAVqAGAfjxFk4\/edit?usp=sharing\" target=\"_blank\" rel=\"noopener\">2. Compr\u00e9hension globale<\/a><\/td>\n<\/tr>\n<tr>\n<td style=\"text-align: center\"><a href=\"https:\/\/docs.google.com\/document\/d\/1vwXg1pGKkWPc73UwhYRMqZQ9n0I3Pz22GxFt4gV4sXU\/edit?usp=sharing\" target=\"_blank\" rel=\"noopener\"><img loading=\"lazy\" decoding=\"async\" class=\"aligncenter wp-image-3331\" src=\"https:\/\/www.utahfrenchdli.org\/teachers\/wp-content\/uploads\/sites\/2\/2023\/07\/noun-knowledge-5726351.png\" alt=\"\" width=\"138\" height=\"167\" srcset=\"https:\/\/www.utahfrenchdli.org\/teachers\/wp-content\/uploads\/sites\/2\/2023\/07\/noun-knowledge-5726351.png 586w, https:\/\/www.utahfrenchdli.org\/teachers\/wp-content\/uploads\/sites\/2\/2023\/07\/noun-knowledge-5726351-248x300.png 248w\" sizes=\"(max-width: 138px) 100vw, 138px\" \/><\/a><a href=\"https:\/\/docs.google.com\/document\/d\/1vwXg1pGKkWPc73UwhYRMqZQ9n0I3Pz22GxFt4gV4sXU\/edit?usp=sharing\" target=\"_blank\" rel=\"noopener\">3. Compr\u00e9hension fine<\/a><\/td>\n<td style=\"text-align: center\"><a href=\"https:\/\/docs.google.com\/document\/d\/1A5J3dibmk674lsYHYropVifDuYMQOxq9bMNLsFIljq4\/edit?usp=sharing\" target=\"_blank\" rel=\"noopener\"><img loading=\"lazy\" decoding=\"async\" class=\"aligncenter wp-image-3329\" src=\"https:\/\/www.utahfrenchdli.org\/teachers\/wp-content\/uploads\/sites\/2\/2023\/07\/approche-integree.png\" alt=\"\" width=\"175\" height=\"173\" srcset=\"https:\/\/www.utahfrenchdli.org\/teachers\/wp-content\/uploads\/sites\/2\/2023\/07\/approche-integree.png 750w, https:\/\/www.utahfrenchdli.org\/teachers\/wp-content\/uploads\/sites\/2\/2023\/07\/approche-integree-300x296.png 300w\" sizes=\"(max-width: 175px) 100vw, 175px\" \/><\/a><a href=\"https:\/\/docs.google.com\/document\/d\/1A5J3dibmk674lsYHYropVifDuYMQOxq9bMNLsFIljq4\/edit?usp=sharing\" target=\"_blank\" rel=\"noopener\">4. Approche int\u00e9gr\u00e9e<\/a><\/td>\n<td style=\"text-align: center\"><a href=\"https:\/\/docs.google.com\/document\/d\/1RDcoS81ZjPBJeOHcQph1Aob5pZpnHnNFicDrPXaayaE\/edit?usp=sharing\" target=\"_blank\" rel=\"noopener\"><img loading=\"lazy\" decoding=\"async\" class=\"aligncenter wp-image-3330\" src=\"https:\/\/www.utahfrenchdli.org\/teachers\/wp-content\/uploads\/sites\/2\/2023\/07\/noun-writing-4423445.png\" alt=\"\" width=\"171\" height=\"145\" srcset=\"https:\/\/www.utahfrenchdli.org\/teachers\/wp-content\/uploads\/sites\/2\/2023\/07\/noun-writing-4423445.png 624w, https:\/\/www.utahfrenchdli.org\/teachers\/wp-content\/uploads\/sites\/2\/2023\/07\/noun-writing-4423445-300x255.png 300w\" sizes=\"(max-width: 171px) 100vw, 171px\" \/><\/a><a href=\"https:\/\/docs.google.com\/document\/d\/1RDcoS81ZjPBJeOHcQph1Aob5pZpnHnNFicDrPXaayaE\/edit?usp=sharing\" target=\"_blank\" rel=\"noopener\">5. Expression \u00e9crite<\/a><\/td>\n<\/tr>\n<\/tbody>\n<\/table>\n<p>&nbsp;<\/p>\n<p><a href=\"https:\/\/www.utahfrenchdli.org\/teachers\/4-literacy\/\"><img loading=\"lazy\" decoding=\"async\" class=\"alignright wp-image-2584\" src=\"https:\/\/www.utahfrenchdli.org\/teachers\/wp-content\/uploads\/sites\/2\/2020\/06\/arrow.png\" alt=\"\" width=\"76\" height=\"60\" \/><\/a><\/p>\n<p>&nbsp;<\/p>\n<p style=\"text-align: right\"><a href=\"https:\/\/www.utahfrenchdli.org\/teachers\/4-literacy\/\">Back to<strong>\u00a04th Grade literacy<\/strong><\/a><\/p>\n","protected":false},"excerpt":{"rendered":"<p>Literacy Protocols &nbsp; Protocols 3rd-6th Grade 1. Pr\u00e9-lecture 2. Compr\u00e9hension globale 3. Compr\u00e9hension fine 4. Approche int\u00e9gr\u00e9e 5. Expression \u00e9crite &nbsp; &nbsp; Back to\u00a04th Grade literacy<\/p>\n","protected":false},"author":3,"featured_media":0,"parent":0,"menu_order":0,"comment_status":"closed","ping_status":"closed","template":"","meta":{"footnotes":""},"_links":{"self":[{"href":"https:\/\/www.utahfrenchdli.org\/teachers\/wp-json\/wp\/v2\/pages\/3342"}],"collection":[{"href":"https:\/\/www.utahfrenchdli.org\/teachers\/wp-json\/wp\/v2\/pages"}],"about":[{"href":"https:\/\/www.utahfrenchdli.org\/teachers\/wp-json\/wp\/v2\/types\/page"}],"author":[{"embeddable":true,"href":"https:\/\/www.utahfrenchdli.org\/teachers\/wp-json\/wp\/v2\/users\/3"}],"replies":[{"embeddable":true,"href":"https:\/\/www.utahfrenchdli.org\/teachers\/wp-json\/wp\/v2\/comments?post=3342"}],"version-history":[{"count":1,"href":"https:\/\/www.utahfrenchdli.org\/teachers\/wp-json\/wp\/v2\/pages\/3342\/revisions"}],"predecessor-version":[{"id":3347,"href":"https:\/\/www.utahfrenchdli.org\/teachers\/wp-json\/wp\/v2\/pages\/3342\/revisions\/3347"}],"wp:attachment":[{"href":"https:\/\/www.utahfrenchdli.org\/teachers\/wp-json\/wp\/v2\/media?parent=3342"}],"curies":[{"name":"wp","href":"https:\/\/api.w.org\/{rel}","templated":true}]}}